{"id":233,"date":"2022-01-25T11:29:54","date_gmt":"2022-01-25T11:29:54","guid":{"rendered":"https:\/\/wolfgangradlegger.at\/?page_id=233"},"modified":"2022-01-25T14:29:45","modified_gmt":"2022-01-25T14:29:45","slug":"vom-stillstand-zum-widerstand","status":"publish","type":"page","link":"https:\/\/wolfgangradlegger.at\/?page_id=233","title":{"rendered":"Vom Stillstand zum Widerstand"},"content":{"rendered":"\n<div class=\"wp-block-image\"><figure class=\"aligncenter size-large is-resized\"><img loading=\"lazy\" decoding=\"async\" src=\"https:\/\/wolfgangradlegger.at\/wp-content\/uploads\/2022\/01\/Folder-Widerstand_wu\u0308rstelstand-1024x993.jpg\" alt=\"\" class=\"wp-image-259\" width=\"536\" height=\"520\" srcset=\"https:\/\/wolfgangradlegger.at\/wp-content\/uploads\/2022\/01\/Folder-Widerstand_wu\u0308rstelstand-1024x993.jpg 1024w, https:\/\/wolfgangradlegger.at\/wp-content\/uploads\/2022\/01\/Folder-Widerstand_wu\u0308rstelstand-300x291.jpg 300w, https:\/\/wolfgangradlegger.at\/wp-content\/uploads\/2022\/01\/Folder-Widerstand_wu\u0308rstelstand-768x745.jpg 768w, https:\/\/wolfgangradlegger.at\/wp-content\/uploads\/2022\/01\/Folder-Widerstand_wu\u0308rstelstand-1536x1490.jpg 1536w, https:\/\/wolfgangradlegger.at\/wp-content\/uploads\/2022\/01\/Folder-Widerstand_wu\u0308rstelstand.jpg 1644w\" sizes=\"auto, (max-width: 536px) 100vw, 536px\" \/><\/figure><\/div>\n\n\n\n<p>Mein Buch schlie\u00dft mit den Worten von Oscar Werner in dem Film<br>\u201eDer letzte Akt\u201c, die er als Wehrmachtsoffizier zu einem Hitlerjungen sagt: \u201eSag\u2019 nie wieder jawoll.\u201c<\/p>\n\n\n\n<p>Es war ein gelungener Zufall, dass ich gerade bei letzten Korrekturen war, als Anneliese Rohrers Pamphlet \u201eEnde des Gehorsams\u201c erschien.<\/p>\n\n\n\n<p>Am Umschlagtext lese ich: \u201eDie Zukunft des Landes h\u00e4ngt vom Verhalten der Mehrheit seiner B\u00fcrger ab. Es ist die Einstellung der Gesamtbev\u00f6lkerung, die ein Multiorganversagen der Demokratie verhindern kann.\u201c Diese Einsch\u00e4tzung entspricht auch meiner \u00dcberzeugung.<\/p>\n\n\n\n<p>Im Sinne von St\u00e9phane Hessels Aufforderung, Widerstand zu leisten, um Neues zu schaffen, arbeitet eine Reihe Gleich-Bewegter gemeinsam an einem \u201eDemokratiebegehren\u201c, das als Angebot an die Zivilgesellschaft verstanden werden soll, die Dinge in die eigene Hand zu nehmen.<\/p>\n\n\n\n<p>Es geht vielmehr darum, aus gewonnener Erfahrung, Schwachstellen unseres demokratischen Systems aufzuzeigen und diesen &nbsp;mit einer Reihe von Vorschl\u00e4gen entgegenzuwirken.<\/p>\n\n\n\n<p>Wir sind daher gegen den herrschenden Stillstand, wollen den Ruf nach notwendigen Ver\u00e4nderungen unterst\u00fctzen und verstehen uns deshalb als Katalysatoren, die bestehendes Unbehagen ansprechen und m\u00f6glichst viele, vor allem junge, \u00d6sterreicher\/Innen ermutigen wollen, f\u00fcr und nicht gegen etwas einzutreten:<\/p>\n\n\n\n<p>F\u00fcr ein Pers\u00f6nlichkeitswahlrecht und mehr M\u00f6glichkeiten direkter Demokratie<\/p>\n\n\n\n<p>F\u00fcr eine St\u00e4rkung des Parlaments als Zentrum politischen Geschehens<\/p>\n\n\n\n<p>F\u00fcr eine Neuordnung unseres f\u00f6deralistischen Systems in Gesetzgebung und Verwaltung<\/p>\n\n\n\n<p>F\u00fcr strenge und wirksame Bestimmungen gegen Korruption<\/p>\n\n\n\n<p>F\u00fcr die notwendige Transparenz politischer Parteien und ihrer Finanzen<\/p>\n\n\n\n<p>Mein Buch soll daf\u00fcr ein &nbsp;Denkansto\u00df sein um bewegte \u00d6sterreicher\/Innen zum Tun zu gewinnen.<\/p>\n\n\n\n<p>Es geht n\u00e4mlich nicht darum, dass \u201eein paar Oldies in einer Art Muppet Show\u201c auftreten wollen, um sich (noch einmal oder vielleicht erstmals) \u201einteressant\u201c zu machen, weil sie sich verkl\u00e4rt ihre Vergangenheit in Erinnerung rufen.<\/p>\n\n\n\n<figure class=\"wp-block-image size-large\"><img loading=\"lazy\" decoding=\"async\" width=\"657\" height=\"1024\" src=\"https:\/\/wolfgangradlegger.at\/wp-content\/uploads\/2022\/01\/Radlegger_Vom-Widerstand-zum-Aufstand-1-3-657x1024.jpg\" alt=\"\" class=\"wp-image-262\" srcset=\"https:\/\/wolfgangradlegger.at\/wp-content\/uploads\/2022\/01\/Radlegger_Vom-Widerstand-zum-Aufstand-1-3-657x1024.jpg 657w, https:\/\/wolfgangradlegger.at\/wp-content\/uploads\/2022\/01\/Radlegger_Vom-Widerstand-zum-Aufstand-1-3-193x300.jpg 193w, https:\/\/wolfgangradlegger.at\/wp-content\/uploads\/2022\/01\/Radlegger_Vom-Widerstand-zum-Aufstand-1-3-768x1197.jpg 768w, https:\/\/wolfgangradlegger.at\/wp-content\/uploads\/2022\/01\/Radlegger_Vom-Widerstand-zum-Aufstand-1-3-986x1536.jpg 986w, https:\/\/wolfgangradlegger.at\/wp-content\/uploads\/2022\/01\/Radlegger_Vom-Widerstand-zum-Aufstand-1-3.jpg 1218w\" sizes=\"auto, (max-width: 657px) 100vw, 657px\" \/><\/figure>\n","protected":false},"excerpt":{"rendered":"<p>Mein Buch schlie\u00dft mit den Worten von Oscar Werner in dem Film\u201eDer letzte Akt\u201c, die er als Wehrmachtsoffizier zu einem Hitlerjungen sagt: \u201eSag\u2019 nie wieder jawoll.\u201c Es war ein gelungener [&hellip;]<\/p>\n","protected":false},"author":1,"featured_media":0,"parent":0,"menu_order":0,"comment_status":"closed","ping_status":"closed","template":"","meta":{"footnotes":""},"class_list":["post-233","page","type-page","status-publish","hentry"],"yoast_head":"<!-- This site is optimized with the Yoast SEO plugin v27.5 - https:\/\/yoast.com\/product\/yoast-seo-wordpress\/ -->\n<title>Vom Stillstand zum Widerstand - Wolfgang Radlegger<\/title>\n<meta name=\"robots\" content=\"index, follow, max-snippet:-1, max-image-preview:large, max-video-preview:-1\" \/>\n<link rel=\"canonical\" href=\"https:\/\/wolfgangradlegger.at\/?page_id=233\" \/>\n<meta property=\"og:locale\" content=\"de_DE\" \/>\n<meta property=\"og:type\" content=\"article\" \/>\n<meta property=\"og:title\" content=\"Vom Stillstand zum Widerstand - Wolfgang Radlegger\" \/>\n<meta property=\"og:description\" content=\"Mein Buch schlie\u00dft mit den Worten von Oscar Werner in dem Film\u201eDer letzte Akt\u201c, die er als Wehrmachtsoffizier zu einem Hitlerjungen sagt: \u201eSag\u2019 nie wieder jawoll.\u201c Es war ein gelungener [&hellip;]\" \/>\n<meta property=\"og:url\" content=\"https:\/\/wolfgangradlegger.at\/?page_id=233\" \/>\n<meta property=\"og:site_name\" content=\"Wolfgang Radlegger\" \/>\n<meta property=\"article:modified_time\" content=\"2022-01-25T14:29:45+00:00\" \/>\n<meta property=\"og:image\" content=\"https:\/\/wolfgangradlegger.at\/wp-content\/uploads\/2022\/01\/Folder-Widerstand_wu\u0308rstelstand-1024x993.jpg\" \/>\n<meta name=\"twitter:card\" content=\"summary_large_image\" \/>\n<meta name=\"twitter:label1\" content=\"Gesch\u00e4tzte Lesezeit\" \/>\n\t<meta name=\"twitter:data1\" content=\"2\u00a0Minuten\" \/>\n<script type=\"application\/ld+json\" class=\"yoast-schema-graph\">{\"@context\":\"https:\\\/\\\/schema.org\",\"@graph\":[{\"@type\":\"WebPage\",\"@id\":\"https:\\\/\\\/wolfgangradlegger.at\\\/?page_id=233\",\"url\":\"https:\\\/\\\/wolfgangradlegger.at\\\/?page_id=233\",\"name\":\"Vom Stillstand zum Widerstand - Wolfgang Radlegger\",\"isPartOf\":{\"@id\":\"https:\\\/\\\/wolfgangradlegger.at\\\/#website\"},\"primaryImageOfPage\":{\"@id\":\"https:\\\/\\\/wolfgangradlegger.at\\\/?page_id=233#primaryimage\"},\"image\":{\"@id\":\"https:\\\/\\\/wolfgangradlegger.at\\\/?page_id=233#primaryimage\"},\"thumbnailUrl\":\"https:\\\/\\\/wolfgangradlegger.at\\\/wp-content\\\/uploads\\\/2022\\\/01\\\/Radlegger_Vom-Widerstand-zum-Aufstand-1-3-657x1024.jpg\",\"datePublished\":\"2022-01-25T11:29:54+00:00\",\"dateModified\":\"2022-01-25T14:29:45+00:00\",\"breadcrumb\":{\"@id\":\"https:\\\/\\\/wolfgangradlegger.at\\\/?page_id=233#breadcrumb\"},\"inLanguage\":\"de\",\"potentialAction\":[{\"@type\":\"ReadAction\",\"target\":[\"https:\\\/\\\/wolfgangradlegger.at\\\/?page_id=233\"]}]},{\"@type\":\"ImageObject\",\"inLanguage\":\"de\",\"@id\":\"https:\\\/\\\/wolfgangradlegger.at\\\/?page_id=233#primaryimage\",\"url\":\"https:\\\/\\\/wolfgangradlegger.at\\\/wp-content\\\/uploads\\\/2022\\\/01\\\/Radlegger_Vom-Widerstand-zum-Aufstand-1-3.jpg\",\"contentUrl\":\"https:\\\/\\\/wolfgangradlegger.at\\\/wp-content\\\/uploads\\\/2022\\\/01\\\/Radlegger_Vom-Widerstand-zum-Aufstand-1-3.jpg\",\"width\":1218,\"height\":1898},{\"@type\":\"BreadcrumbList\",\"@id\":\"https:\\\/\\\/wolfgangradlegger.at\\\/?page_id=233#breadcrumb\",\"itemListElement\":[{\"@type\":\"ListItem\",\"position\":1,\"name\":\"Startseite\",\"item\":\"https:\\\/\\\/wolfgangradlegger.at\\\/\"},{\"@type\":\"ListItem\",\"position\":2,\"name\":\"Vom Stillstand zum Widerstand\"}]},{\"@type\":\"WebSite\",\"@id\":\"https:\\\/\\\/wolfgangradlegger.at\\\/#website\",\"url\":\"https:\\\/\\\/wolfgangradlegger.at\\\/\",\"name\":\"Wolfgang Radlegger\",\"description\":\"Your story, beautifully told - Created with WordPress managed by IONOS\",\"publisher\":{\"@id\":\"https:\\\/\\\/wolfgangradlegger.at\\\/#\\\/schema\\\/person\\\/4bb8984fd13659e9083c6f70db3de078\"},\"potentialAction\":[{\"@type\":\"SearchAction\",\"target\":{\"@type\":\"EntryPoint\",\"urlTemplate\":\"https:\\\/\\\/wolfgangradlegger.at\\\/?s={search_term_string}\"},\"query-input\":{\"@type\":\"PropertyValueSpecification\",\"valueRequired\":true,\"valueName\":\"search_term_string\"}}],\"inLanguage\":\"de\"},{\"@type\":[\"Person\",\"Organization\"],\"@id\":\"https:\\\/\\\/wolfgangradlegger.at\\\/#\\\/schema\\\/person\\\/4bb8984fd13659e9083c6f70db3de078\",\"name\":\"Wolfgang\",\"image\":{\"@type\":\"ImageObject\",\"inLanguage\":\"de\",\"@id\":\"https:\\\/\\\/secure.gravatar.com\\\/avatar\\\/9a9515724d3614d51168b958012f3934851767a892e4ab5ce90db4e06206e1cc?s=96&d=mm&r=g\",\"url\":\"https:\\\/\\\/secure.gravatar.com\\\/avatar\\\/9a9515724d3614d51168b958012f3934851767a892e4ab5ce90db4e06206e1cc?s=96&d=mm&r=g\",\"contentUrl\":\"https:\\\/\\\/secure.gravatar.com\\\/avatar\\\/9a9515724d3614d51168b958012f3934851767a892e4ab5ce90db4e06206e1cc?s=96&d=mm&r=g\",\"caption\":\"Wolfgang\"},\"logo\":{\"@id\":\"https:\\\/\\\/secure.gravatar.com\\\/avatar\\\/9a9515724d3614d51168b958012f3934851767a892e4ab5ce90db4e06206e1cc?s=96&d=mm&r=g\"},\"sameAs\":[\"https:\\\/\\\/wolfgangradlegger.at\"]}]}<\/script>\n<!-- \/ Yoast SEO plugin. -->","yoast_head_json":{"title":"Vom Stillstand zum Widerstand - Wolfgang Radlegger","robots":{"index":"index","follow":"follow","max-snippet":"max-snippet:-1","max-image-preview":"max-image-preview:large","max-video-preview":"max-video-preview:-1"},"canonical":"https:\/\/wolfgangradlegger.at\/?page_id=233","og_locale":"de_DE","og_type":"article","og_title":"Vom Stillstand zum Widerstand - Wolfgang Radlegger","og_description":"Mein Buch schlie\u00dft mit den Worten von Oscar Werner in dem Film\u201eDer letzte Akt\u201c, die er als Wehrmachtsoffizier zu einem Hitlerjungen sagt: \u201eSag\u2019 nie wieder jawoll.\u201c Es war ein gelungener [&hellip;]","og_url":"https:\/\/wolfgangradlegger.at\/?page_id=233","og_site_name":"Wolfgang Radlegger","article_modified_time":"2022-01-25T14:29:45+00:00","og_image":[{"url":"https:\/\/wolfgangradlegger.at\/wp-content\/uploads\/2022\/01\/Folder-Widerstand_wu\u0308rstelstand-1024x993.jpg","type":"","width":"","height":""}],"twitter_card":"summary_large_image","twitter_misc":{"Gesch\u00e4tzte Lesezeit":"2\u00a0Minuten"},"schema":{"@context":"https:\/\/schema.org","@graph":[{"@type":"WebPage","@id":"https:\/\/wolfgangradlegger.at\/?page_id=233","url":"https:\/\/wolfgangradlegger.at\/?page_id=233","name":"Vom Stillstand zum Widerstand - Wolfgang Radlegger","isPartOf":{"@id":"https:\/\/wolfgangradlegger.at\/#website"},"primaryImageOfPage":{"@id":"https:\/\/wolfgangradlegger.at\/?page_id=233#primaryimage"},"image":{"@id":"https:\/\/wolfgangradlegger.at\/?page_id=233#primaryimage"},"thumbnailUrl":"https:\/\/wolfgangradlegger.at\/wp-content\/uploads\/2022\/01\/Radlegger_Vom-Widerstand-zum-Aufstand-1-3-657x1024.jpg","datePublished":"2022-01-25T11:29:54+00:00","dateModified":"2022-01-25T14:29:45+00:00","breadcrumb":{"@id":"https:\/\/wolfgangradlegger.at\/?page_id=233#breadcrumb"},"inLanguage":"de","potentialAction":[{"@type":"ReadAction","target":["https:\/\/wolfgangradlegger.at\/?page_id=233"]}]},{"@type":"ImageObject","inLanguage":"de","@id":"https:\/\/wolfgangradlegger.at\/?page_id=233#primaryimage","url":"https:\/\/wolfgangradlegger.at\/wp-content\/uploads\/2022\/01\/Radlegger_Vom-Widerstand-zum-Aufstand-1-3.jpg","contentUrl":"https:\/\/wolfgangradlegger.at\/wp-content\/uploads\/2022\/01\/Radlegger_Vom-Widerstand-zum-Aufstand-1-3.jpg","width":1218,"height":1898},{"@type":"BreadcrumbList","@id":"https:\/\/wolfgangradlegger.at\/?page_id=233#breadcrumb","itemListElement":[{"@type":"ListItem","position":1,"name":"Startseite","item":"https:\/\/wolfgangradlegger.at\/"},{"@type":"ListItem","position":2,"name":"Vom Stillstand zum Widerstand"}]},{"@type":"WebSite","@id":"https:\/\/wolfgangradlegger.at\/#website","url":"https:\/\/wolfgangradlegger.at\/","name":"Wolfgang Radlegger","description":"Your story, beautifully told - Created with WordPress managed by IONOS","publisher":{"@id":"https:\/\/wolfgangradlegger.at\/#\/schema\/person\/4bb8984fd13659e9083c6f70db3de078"},"potentialAction":[{"@type":"SearchAction","target":{"@type":"EntryPoint","urlTemplate":"https:\/\/wolfgangradlegger.at\/?s={search_term_string}"},"query-input":{"@type":"PropertyValueSpecification","valueRequired":true,"valueName":"search_term_string"}}],"inLanguage":"de"},{"@type":["Person","Organization"],"@id":"https:\/\/wolfgangradlegger.at\/#\/schema\/person\/4bb8984fd13659e9083c6f70db3de078","name":"Wolfgang","image":{"@type":"ImageObject","inLanguage":"de","@id":"https:\/\/secure.gravatar.com\/avatar\/9a9515724d3614d51168b958012f3934851767a892e4ab5ce90db4e06206e1cc?s=96&d=mm&r=g","url":"https:\/\/secure.gravatar.com\/avatar\/9a9515724d3614d51168b958012f3934851767a892e4ab5ce90db4e06206e1cc?s=96&d=mm&r=g","contentUrl":"https:\/\/secure.gravatar.com\/avatar\/9a9515724d3614d51168b958012f3934851767a892e4ab5ce90db4e06206e1cc?s=96&d=mm&r=g","caption":"Wolfgang"},"logo":{"@id":"https:\/\/secure.gravatar.com\/avatar\/9a9515724d3614d51168b958012f3934851767a892e4ab5ce90db4e06206e1cc?s=96&d=mm&r=g"},"sameAs":["https:\/\/wolfgangradlegger.at"]}]}},"_links":{"self":[{"href":"https:\/\/wolfgangradlegger.at\/index.php?rest_route=\/wp\/v2\/pages\/233","targetHints":{"allow":["GET"]}}],"collection":[{"href":"https:\/\/wolfgangradlegger.at\/index.php?rest_route=\/wp\/v2\/pages"}],"about":[{"href":"https:\/\/wolfgangradlegger.at\/index.php?rest_route=\/wp\/v2\/types\/page"}],"author":[{"embeddable":true,"href":"https:\/\/wolfgangradlegger.at\/index.php?rest_route=\/wp\/v2\/users\/1"}],"replies":[{"embeddable":true,"href":"https:\/\/wolfgangradlegger.at\/index.php?rest_route=%2Fwp%2Fv2%2Fcomments&post=233"}],"version-history":[{"count":5,"href":"https:\/\/wolfgangradlegger.at\/index.php?rest_route=\/wp\/v2\/pages\/233\/revisions"}],"predecessor-version":[{"id":264,"href":"https:\/\/wolfgangradlegger.at\/index.php?rest_route=\/wp\/v2\/pages\/233\/revisions\/264"}],"wp:attachment":[{"href":"https:\/\/wolfgangradlegger.at\/index.php?rest_route=%2Fwp%2Fv2%2Fmedia&parent=233"}],"curies":[{"name":"wp","href":"https:\/\/api.w.org\/{rel}","templated":true}]}}