{"id":267,"date":"2022-05-03T15:21:28","date_gmt":"2022-05-03T15:21:28","guid":{"rendered":"https:\/\/wolfgangradlegger.at\/?page_id=267"},"modified":"2024-09-25T15:17:56","modified_gmt":"2024-09-25T15:17:56","slug":"geschichte-anders-erzaehlt","status":"publish","type":"page","link":"https:\/\/wolfgangradlegger.at\/?page_id=267","title":{"rendered":"Geschichte anders notiert"},"content":{"rendered":"\n<figure class=\"wp-block-image size-large\"><img loading=\"lazy\" decoding=\"async\" width=\"712\" height=\"1024\" src=\"https:\/\/wolfgangradlegger.at\/wp-content\/uploads\/2022\/05\/Cover_Geschichte-anders-erzaehlt-712x1024.jpg\" alt=\"\" class=\"wp-image-274\" srcset=\"https:\/\/wolfgangradlegger.at\/wp-content\/uploads\/2022\/05\/Cover_Geschichte-anders-erzaehlt-712x1024.jpg 712w, https:\/\/wolfgangradlegger.at\/wp-content\/uploads\/2022\/05\/Cover_Geschichte-anders-erzaehlt-209x300.jpg 209w, https:\/\/wolfgangradlegger.at\/wp-content\/uploads\/2022\/05\/Cover_Geschichte-anders-erzaehlt-768x1104.jpg 768w, https:\/\/wolfgangradlegger.at\/wp-content\/uploads\/2022\/05\/Cover_Geschichte-anders-erzaehlt-1068x1536.jpg 1068w, https:\/\/wolfgangradlegger.at\/wp-content\/uploads\/2022\/05\/Cover_Geschichte-anders-erzaehlt-1425x2048.jpg 1425w, https:\/\/wolfgangradlegger.at\/wp-content\/uploads\/2022\/05\/Cover_Geschichte-anders-erzaehlt-scaled.jpg 1781w\" sizes=\"auto, (max-width: 712px) 100vw, 712px\" \/><\/figure>\n\n\n\n<blockquote class=\"wp-block-quote is-layout-flow wp-block-quote-is-layout-flow\"><p>\u201e\u2026Diesem Missvertrauen tr\u00e4gt Wolfgang Radleggers Kalendarium \u201eGeschichte anders notiert\u201c Rechnung. Es ist ein ungew\u00f6hnliches und gleichzeitig notwendiges, l\u00e4ngst \u00fcberf\u00e4lliges Buch: Zu den 365 Tagen eines Jahres hat er 365 Ereignisse und Personen (manchmal auch Pers\u00f6nlichkeiten) zusammengetragen, die im Schatten anderer \u201egr\u00f6\u00dferer\u201c Ereignisse und Personen stehen oder sich gar nicht im \u00f6ffentlichen wie privaten Bewusstsein befinden. Immer sei Historie als \u201eGeschichte von oben\u201c vermittelt worden (\u2026). Eine \u201eGeschichte von unten\u201c sei dringend n\u00f6tig, um die Zeitl\u00e4ufe besser verstehen zu k\u00f6nnen und vor allem die zweifelhafte Rolle des Westens mit seinen zahllosen Kriegen und Eingriffen in anderen L\u00e4ndern und Kulturen richtig einsch\u00e4tzen zu k\u00f6nnen.\u201c<\/p><cite>Nachwort von Christoph Janacs<\/cite><\/blockquote>\n\n\n\n<h2 class=\"wp-block-heading\">Leseprobe<\/h2>\n\n\n<iframe loading=\"lazy\" class=\"embed-pdf-viewer\" src=\"https:\/\/wolfgangradlegger.at\/wp-content\/uploads\/2022\/05\/Radlegger_Kalendarium_Kern_kl-seiten-387-3923-161.pdf\" height=\"706\" width=\"706\" title=\"Array\"><\/iframe>","protected":false},"excerpt":{"rendered":"<p>\u201e\u2026Diesem Missvertrauen tr\u00e4gt Wolfgang Radleggers Kalendarium \u201eGeschichte anders notiert\u201c Rechnung. Es ist ein ungew\u00f6hnliches und gleichzeitig notwendiges, l\u00e4ngst \u00fcberf\u00e4lliges Buch: Zu den 365 Tagen eines Jahres hat er 365 Ereignisse [&hellip;]<\/p>\n","protected":false},"author":1,"featured_media":0,"parent":0,"menu_order":0,"comment_status":"closed","ping_status":"closed","template":"","meta":{"footnotes":""},"class_list":["post-267","page","type-page","status-publish","hentry"],"yoast_head":"<!-- This site is optimized with the Yoast SEO plugin v27.5 - https:\/\/yoast.com\/product\/yoast-seo-wordpress\/ -->\n<title>Geschichte anders notiert - Wolfgang Radlegger<\/title>\n<meta name=\"robots\" content=\"index, follow, max-snippet:-1, max-image-preview:large, max-video-preview:-1\" \/>\n<link rel=\"canonical\" href=\"https:\/\/wolfgangradlegger.at\/?page_id=267\" \/>\n<meta property=\"og:locale\" content=\"de_DE\" \/>\n<meta property=\"og:type\" content=\"article\" \/>\n<meta property=\"og:title\" content=\"Geschichte anders notiert - Wolfgang Radlegger\" \/>\n<meta property=\"og:description\" content=\"\u201e\u2026Diesem Missvertrauen tr\u00e4gt Wolfgang Radleggers Kalendarium \u201eGeschichte anders notiert\u201c Rechnung. Es ist ein ungew\u00f6hnliches und gleichzeitig notwendiges, l\u00e4ngst \u00fcberf\u00e4lliges Buch: Zu den 365 Tagen eines Jahres hat er 365 Ereignisse [&hellip;]\" \/>\n<meta property=\"og:url\" content=\"https:\/\/wolfgangradlegger.at\/?page_id=267\" \/>\n<meta property=\"og:site_name\" content=\"Wolfgang Radlegger\" \/>\n<meta property=\"article:modified_time\" content=\"2024-09-25T15:17:56+00:00\" \/>\n<meta property=\"og:image\" content=\"https:\/\/wolfgangradlegger.at\/wp-content\/uploads\/2022\/05\/Cover_Geschichte-anders-erzaehlt-712x1024.jpg\" \/>\n<meta name=\"twitter:card\" content=\"summary_large_image\" \/>\n<meta name=\"twitter:label1\" content=\"Gesch\u00e4tzte Lesezeit\" \/>\n\t<meta name=\"twitter:data1\" content=\"1\u00a0Minute\" \/>\n<script type=\"application\/ld+json\" class=\"yoast-schema-graph\">{\"@context\":\"https:\\\/\\\/schema.org\",\"@graph\":[{\"@type\":\"WebPage\",\"@id\":\"https:\\\/\\\/wolfgangradlegger.at\\\/?page_id=267\",\"url\":\"https:\\\/\\\/wolfgangradlegger.at\\\/?page_id=267\",\"name\":\"Geschichte anders notiert - Wolfgang Radlegger\",\"isPartOf\":{\"@id\":\"https:\\\/\\\/wolfgangradlegger.at\\\/#website\"},\"primaryImageOfPage\":{\"@id\":\"https:\\\/\\\/wolfgangradlegger.at\\\/?page_id=267#primaryimage\"},\"image\":{\"@id\":\"https:\\\/\\\/wolfgangradlegger.at\\\/?page_id=267#primaryimage\"},\"thumbnailUrl\":\"https:\\\/\\\/wolfgangradlegger.at\\\/wp-content\\\/uploads\\\/2022\\\/05\\\/Cover_Geschichte-anders-erzaehlt-712x1024.jpg\",\"datePublished\":\"2022-05-03T15:21:28+00:00\",\"dateModified\":\"2024-09-25T15:17:56+00:00\",\"breadcrumb\":{\"@id\":\"https:\\\/\\\/wolfgangradlegger.at\\\/?page_id=267#breadcrumb\"},\"inLanguage\":\"de\",\"potentialAction\":[{\"@type\":\"ReadAction\",\"target\":[\"https:\\\/\\\/wolfgangradlegger.at\\\/?page_id=267\"]}]},{\"@type\":\"ImageObject\",\"inLanguage\":\"de\",\"@id\":\"https:\\\/\\\/wolfgangradlegger.at\\\/?page_id=267#primaryimage\",\"url\":\"https:\\\/\\\/wolfgangradlegger.at\\\/wp-content\\\/uploads\\\/2022\\\/05\\\/Cover_Geschichte-anders-erzaehlt-scaled.jpg\",\"contentUrl\":\"https:\\\/\\\/wolfgangradlegger.at\\\/wp-content\\\/uploads\\\/2022\\\/05\\\/Cover_Geschichte-anders-erzaehlt-scaled.jpg\",\"width\":1781,\"height\":2560},{\"@type\":\"BreadcrumbList\",\"@id\":\"https:\\\/\\\/wolfgangradlegger.at\\\/?page_id=267#breadcrumb\",\"itemListElement\":[{\"@type\":\"ListItem\",\"position\":1,\"name\":\"Startseite\",\"item\":\"https:\\\/\\\/wolfgangradlegger.at\\\/\"},{\"@type\":\"ListItem\",\"position\":2,\"name\":\"Geschichte anders notiert\"}]},{\"@type\":\"WebSite\",\"@id\":\"https:\\\/\\\/wolfgangradlegger.at\\\/#website\",\"url\":\"https:\\\/\\\/wolfgangradlegger.at\\\/\",\"name\":\"Wolfgang Radlegger\",\"description\":\"Your story, beautifully told - Created with WordPress managed by IONOS\",\"publisher\":{\"@id\":\"https:\\\/\\\/wolfgangradlegger.at\\\/#\\\/schema\\\/person\\\/4bb8984fd13659e9083c6f70db3de078\"},\"potentialAction\":[{\"@type\":\"SearchAction\",\"target\":{\"@type\":\"EntryPoint\",\"urlTemplate\":\"https:\\\/\\\/wolfgangradlegger.at\\\/?s={search_term_string}\"},\"query-input\":{\"@type\":\"PropertyValueSpecification\",\"valueRequired\":true,\"valueName\":\"search_term_string\"}}],\"inLanguage\":\"de\"},{\"@type\":[\"Person\",\"Organization\"],\"@id\":\"https:\\\/\\\/wolfgangradlegger.at\\\/#\\\/schema\\\/person\\\/4bb8984fd13659e9083c6f70db3de078\",\"name\":\"Wolfgang\",\"image\":{\"@type\":\"ImageObject\",\"inLanguage\":\"de\",\"@id\":\"https:\\\/\\\/secure.gravatar.com\\\/avatar\\\/9a9515724d3614d51168b958012f3934851767a892e4ab5ce90db4e06206e1cc?s=96&d=mm&r=g\",\"url\":\"https:\\\/\\\/secure.gravatar.com\\\/avatar\\\/9a9515724d3614d51168b958012f3934851767a892e4ab5ce90db4e06206e1cc?s=96&d=mm&r=g\",\"contentUrl\":\"https:\\\/\\\/secure.gravatar.com\\\/avatar\\\/9a9515724d3614d51168b958012f3934851767a892e4ab5ce90db4e06206e1cc?s=96&d=mm&r=g\",\"caption\":\"Wolfgang\"},\"logo\":{\"@id\":\"https:\\\/\\\/secure.gravatar.com\\\/avatar\\\/9a9515724d3614d51168b958012f3934851767a892e4ab5ce90db4e06206e1cc?s=96&d=mm&r=g\"},\"sameAs\":[\"https:\\\/\\\/wolfgangradlegger.at\"]}]}<\/script>\n<!-- \/ Yoast SEO plugin. -->","yoast_head_json":{"title":"Geschichte anders notiert - Wolfgang Radlegger","robots":{"index":"index","follow":"follow","max-snippet":"max-snippet:-1","max-image-preview":"max-image-preview:large","max-video-preview":"max-video-preview:-1"},"canonical":"https:\/\/wolfgangradlegger.at\/?page_id=267","og_locale":"de_DE","og_type":"article","og_title":"Geschichte anders notiert - Wolfgang Radlegger","og_description":"\u201e\u2026Diesem Missvertrauen tr\u00e4gt Wolfgang Radleggers Kalendarium \u201eGeschichte anders notiert\u201c Rechnung. Es ist ein ungew\u00f6hnliches und gleichzeitig notwendiges, l\u00e4ngst \u00fcberf\u00e4lliges Buch: Zu den 365 Tagen eines Jahres hat er 365 Ereignisse [&hellip;]","og_url":"https:\/\/wolfgangradlegger.at\/?page_id=267","og_site_name":"Wolfgang Radlegger","article_modified_time":"2024-09-25T15:17:56+00:00","og_image":[{"url":"https:\/\/wolfgangradlegger.at\/wp-content\/uploads\/2022\/05\/Cover_Geschichte-anders-erzaehlt-712x1024.jpg","type":"","width":"","height":""}],"twitter_card":"summary_large_image","twitter_misc":{"Gesch\u00e4tzte Lesezeit":"1\u00a0Minute"},"schema":{"@context":"https:\/\/schema.org","@graph":[{"@type":"WebPage","@id":"https:\/\/wolfgangradlegger.at\/?page_id=267","url":"https:\/\/wolfgangradlegger.at\/?page_id=267","name":"Geschichte anders notiert - Wolfgang Radlegger","isPartOf":{"@id":"https:\/\/wolfgangradlegger.at\/#website"},"primaryImageOfPage":{"@id":"https:\/\/wolfgangradlegger.at\/?page_id=267#primaryimage"},"image":{"@id":"https:\/\/wolfgangradlegger.at\/?page_id=267#primaryimage"},"thumbnailUrl":"https:\/\/wolfgangradlegger.at\/wp-content\/uploads\/2022\/05\/Cover_Geschichte-anders-erzaehlt-712x1024.jpg","datePublished":"2022-05-03T15:21:28+00:00","dateModified":"2024-09-25T15:17:56+00:00","breadcrumb":{"@id":"https:\/\/wolfgangradlegger.at\/?page_id=267#breadcrumb"},"inLanguage":"de","potentialAction":[{"@type":"ReadAction","target":["https:\/\/wolfgangradlegger.at\/?page_id=267"]}]},{"@type":"ImageObject","inLanguage":"de","@id":"https:\/\/wolfgangradlegger.at\/?page_id=267#primaryimage","url":"https:\/\/wolfgangradlegger.at\/wp-content\/uploads\/2022\/05\/Cover_Geschichte-anders-erzaehlt-scaled.jpg","contentUrl":"https:\/\/wolfgangradlegger.at\/wp-content\/uploads\/2022\/05\/Cover_Geschichte-anders-erzaehlt-scaled.jpg","width":1781,"height":2560},{"@type":"BreadcrumbList","@id":"https:\/\/wolfgangradlegger.at\/?page_id=267#breadcrumb","itemListElement":[{"@type":"ListItem","position":1,"name":"Startseite","item":"https:\/\/wolfgangradlegger.at\/"},{"@type":"ListItem","position":2,"name":"Geschichte anders notiert"}]},{"@type":"WebSite","@id":"https:\/\/wolfgangradlegger.at\/#website","url":"https:\/\/wolfgangradlegger.at\/","name":"Wolfgang Radlegger","description":"Your story, beautifully told - Created with WordPress managed by IONOS","publisher":{"@id":"https:\/\/wolfgangradlegger.at\/#\/schema\/person\/4bb8984fd13659e9083c6f70db3de078"},"potentialAction":[{"@type":"SearchAction","target":{"@type":"EntryPoint","urlTemplate":"https:\/\/wolfgangradlegger.at\/?s={search_term_string}"},"query-input":{"@type":"PropertyValueSpecification","valueRequired":true,"valueName":"search_term_string"}}],"inLanguage":"de"},{"@type":["Person","Organization"],"@id":"https:\/\/wolfgangradlegger.at\/#\/schema\/person\/4bb8984fd13659e9083c6f70db3de078","name":"Wolfgang","image":{"@type":"ImageObject","inLanguage":"de","@id":"https:\/\/secure.gravatar.com\/avatar\/9a9515724d3614d51168b958012f3934851767a892e4ab5ce90db4e06206e1cc?s=96&d=mm&r=g","url":"https:\/\/secure.gravatar.com\/avatar\/9a9515724d3614d51168b958012f3934851767a892e4ab5ce90db4e06206e1cc?s=96&d=mm&r=g","contentUrl":"https:\/\/secure.gravatar.com\/avatar\/9a9515724d3614d51168b958012f3934851767a892e4ab5ce90db4e06206e1cc?s=96&d=mm&r=g","caption":"Wolfgang"},"logo":{"@id":"https:\/\/secure.gravatar.com\/avatar\/9a9515724d3614d51168b958012f3934851767a892e4ab5ce90db4e06206e1cc?s=96&d=mm&r=g"},"sameAs":["https:\/\/wolfgangradlegger.at"]}]}},"_links":{"self":[{"href":"https:\/\/wolfgangradlegger.at\/index.php?rest_route=\/wp\/v2\/pages\/267","targetHints":{"allow":["GET"]}}],"collection":[{"href":"https:\/\/wolfgangradlegger.at\/index.php?rest_route=\/wp\/v2\/pages"}],"about":[{"href":"https:\/\/wolfgangradlegger.at\/index.php?rest_route=\/wp\/v2\/types\/page"}],"author":[{"embeddable":true,"href":"https:\/\/wolfgangradlegger.at\/index.php?rest_route=\/wp\/v2\/users\/1"}],"replies":[{"embeddable":true,"href":"https:\/\/wolfgangradlegger.at\/index.php?rest_route=%2Fwp%2Fv2%2Fcomments&post=267"}],"version-history":[{"count":5,"href":"https:\/\/wolfgangradlegger.at\/index.php?rest_route=\/wp\/v2\/pages\/267\/revisions"}],"predecessor-version":[{"id":346,"href":"https:\/\/wolfgangradlegger.at\/index.php?rest_route=\/wp\/v2\/pages\/267\/revisions\/346"}],"wp:attachment":[{"href":"https:\/\/wolfgangradlegger.at\/index.php?rest_route=%2Fwp%2Fv2%2Fmedia&parent=267"}],"curies":[{"name":"wp","href":"https:\/\/api.w.org\/{rel}","templated":true}]}}